{"id":194,"date":"2024-10-07T11:43:35","date_gmt":"2024-10-07T11:43:35","guid":{"rendered":"https:\/\/www.qart.pt\/?page_id=194"},"modified":"2024-10-07T11:43:35","modified_gmt":"2024-10-07T11:43:35","slug":"194-2","status":"publish","type":"page","link":"https:\/\/www.qart.pt\/?page_id=194","title":{"rendered":""},"content":{"rendered":"\n<p class=\"has-tertiary-color has-text-color has-link-color has-x-large-font-size wp-elements-a58435ba14396042f53178f5559eb623\"><strong>SpeedLane\u00ae Pro<\/strong> <\/p>\n\n\n\n<p class=\"has-tertiary-color has-text-color has-link-color wp-elements-f582de2a1a894c4c83f9cc93895f5bf9\">Radar de feixe duplo e de baixa pot\u00eancia de \u00faltima gera\u00e7\u00e3o. <\/p>\n\n\n\n<figure class=\"wp-block-image aligncenter size-full is-resized\"><img loading=\"lazy\" decoding=\"async\" width=\"600\" height=\"201\" src=\"https:\/\/www.qart.pt\/wp-content\/uploads\/2024\/10\/SpeedLanePro-3-600x201-1.jpg\" alt=\"\" class=\"wp-image-195\" style=\"width:623px;height:auto\" srcset=\"https:\/\/www.qart.pt\/wp-content\/uploads\/2024\/10\/SpeedLanePro-3-600x201-1.jpg 600w, https:\/\/www.qart.pt\/wp-content\/uploads\/2024\/10\/SpeedLanePro-3-600x201-1-300x101.jpg 300w\" sizes=\"(max-width: 600px) 100vw, 600px\" \/><\/figure>\n\n\n\n<p class=\"has-tertiary-color has-text-color has-link-color wp-elements-4d55148b9155be5fcc98b78577a10459\">Foi concebido para detetar com precis\u00e3o a velocidade, a classe e velocidade de ve\u00edculos, calcular o volume, a ocupa\u00e7\u00e3o, o intervalo, a velocidade m\u00e9dia, o percentil 85 e os par\u00e2metros de intervalo por faixa.<\/p>\n\n\n\n<ul class=\"wp-block-list has-tertiary-color has-text-color has-link-color wp-elements-0c3ea6c59ad00d56386eaed6e29f19ba\">\n<li>Patented (US Patent: US10317525, US11119209, &amp; EU Patent: EP3117235) true dual beam \u201cspeed trap\u201d technology, consegue fazer medi\u00e7\u00f5es sem calibra\u00e7\u00e3o no local.<\/li>\n\n\n\n<li>Radar de medi\u00e7\u00e3o de tr\u00e1fego multifaixas altamente integrado e com o menor consumo de energia do mundo. Com 1,0 Watts, o SpeedLane\u00ae Pro requer 10 vezes menos energia do que os produtos concorrentes. Certifica\u00e7\u00e3o FCC e CE para opera\u00e7\u00e3o total de 250 MHz para satisfazer diversos requisitos de aplica\u00e7\u00e3o.<\/li>\n\n\n\n<li>\u00c9 montado na berma da estrada para recolha de dados de tr\u00e1fego n\u00e3o intrusivos e funciona em todas as condi\u00e7\u00f5es meteorol\u00f3gicas e de ilumina\u00e7\u00e3o.<\/li>\n\n\n\n<li>Mede simultaneamente todos os ve\u00edculos em 16 faixas definidas pelo utilizador.<\/li>\n\n\n\n<li>Todas as medi\u00e7\u00f5es de tr\u00e1fego s\u00e3o feitas por ve\u00edculo e por faixa, dispon\u00edveis em tempo real e armazenadas na mem\u00f3ria do dispositivo.<\/li>\n\n\n\n<li>Contagens de ve\u00edculos via a via, classe baseada no comprimento, velocidades m\u00e9dias e percentil 85, ocupa\u00e7\u00e3o, intervalos e medi\u00e7\u00f5es de intervalos.<\/li>\n\n\n\n<li>Aplica\u00e7\u00e3o Windows fornece GUI intuitiva para definir todos os par\u00e2metros de configura\u00e7\u00e3o, exibir gr\u00e1ficos de alvos em tempo real e visualizar instant\u00e2neos e streaming de v\u00eddeo HD.<\/li>\n\n\n\n<li>Bluetooth Classe I 2.1+EDR de longo alcance integrado, portas s\u00e9rie RS232\/RS485 e Ethernet.<\/li>\n\n\n\n<li>512 Mbytes de armazenamento integrado + slot de expans\u00e3o para cart\u00e3o uSD.<\/li>\n\n\n\n<li>C\u00e2mara de v\u00eddeo HD de 1,3 MP integrada para observa\u00e7\u00e3o facilita a configura\u00e7\u00e3o e permite uma monitoriza\u00e7\u00e3o remota conveniente do tr\u00e2nsito.<\/li>\n\n\n\n<li>Upload autom\u00e1tico opcional de dados para o MS2 Traffic Data Management System.<\/li>\n\n\n\n<li>UPS opcional integrada com bateria recarreg\u00e1vel mant\u00e9m a unidade a funcionar at\u00e9 96 horas em caso de perda de energia externa.<\/li>\n\n\n\n<li>Carregador solar MPPT opcional para um carregamento ideal no inverno e em dias nublados.<\/li>\n\n\n\n<li>Bateria interna opcional LiFePO4 de 96 Whr para instala\u00e7\u00f5es tempor\u00e1rias ou solares.<\/li>\n\n\n\n<li>Modem celular LTE 4G<\/li>\n\n\n\n<li>PoE integrado opcional (Power over Ethernet).<\/li>\n<\/ul>\n\n\n\n<figure class=\"wp-block-image aligncenter size-full\"><img loading=\"lazy\" decoding=\"async\" width=\"868\" height=\"646\" src=\"http:\/\/www.qart.pt\/wp-content\/uploads\/2024\/10\/hr.png\" alt=\"\" class=\"wp-image-198\" srcset=\"https:\/\/www.qart.pt\/wp-content\/uploads\/2024\/10\/hr.png 868w, https:\/\/www.qart.pt\/wp-content\/uploads\/2024\/10\/hr-300x223.png 300w\" sizes=\"(max-width: 868px) 100vw, 868px\" \/><\/figure>\n\n\n\n<p><\/p>\n","protected":false},"excerpt":{"rendered":"<p>SpeedLane\u00ae Pro Radar de feixe duplo e de baixa pot\u00eancia de \u00faltima gera\u00e7\u00e3o. Foi concebido para detetar com precis\u00e3o a velocidade, a classe e velocidade de ve\u00edculos, calcular o volume, a ocupa\u00e7\u00e3o, o intervalo, a velocidade m\u00e9dia, o percentil 85 e os par\u00e2metros de intervalo por faixa.<\/p>\n","protected":false},"author":1,"featured_media":0,"parent":0,"menu_order":0,"comment_status":"closed","ping_status":"closed","template":"","meta":{"footnotes":""},"class_list":["post-194","page","type-page","status-publish","hentry"],"_links":{"self":[{"href":"https:\/\/www.qart.pt\/index.php?rest_route=\/wp\/v2\/pages\/194"}],"collection":[{"href":"https:\/\/www.qart.pt\/index.php?rest_route=\/wp\/v2\/pages"}],"about":[{"href":"https:\/\/www.qart.pt\/index.php?rest_route=\/wp\/v2\/types\/page"}],"author":[{"embeddable":true,"href":"https:\/\/www.qart.pt\/index.php?rest_route=\/wp\/v2\/users\/1"}],"replies":[{"embeddable":true,"href":"https:\/\/www.qart.pt\/index.php?rest_route=%2Fwp%2Fv2%2Fcomments&post=194"}],"version-history":[{"count":4,"href":"https:\/\/www.qart.pt\/index.php?rest_route=\/wp\/v2\/pages\/194\/revisions"}],"predecessor-version":[{"id":200,"href":"https:\/\/www.qart.pt\/index.php?rest_route=\/wp\/v2\/pages\/194\/revisions\/200"}],"wp:attachment":[{"href":"https:\/\/www.qart.pt\/index.php?rest_route=%2Fwp%2Fv2%2Fmedia&parent=194"}],"curies":[{"name":"wp","href":"https:\/\/api.w.org\/{rel}","templated":true}]}}