{"id":204,"date":"2024-10-07T12:03:43","date_gmt":"2024-10-07T12:03:43","guid":{"rendered":"https:\/\/www.qart.pt\/?page_id=204"},"modified":"2024-10-07T12:05:47","modified_gmt":"2024-10-07T12:05:47","slug":"204-2","status":"publish","type":"page","link":"https:\/\/www.qart.pt\/?page_id=204","title":{"rendered":""},"content":{"rendered":"\n<p class=\"has-tertiary-color has-text-color has-link-color has-x-large-font-size wp-elements-9b45764dd454b4fbdfe2a64ea9f149ec\">QART PMX<\/p>\n\n\n\n<div class=\"wp-block-media-text is-stacked-on-mobile\" style=\"grid-template-columns:34% auto\"><figure class=\"wp-block-media-text__media\"><img loading=\"lazy\" decoding=\"async\" width=\"515\" height=\"563\" src=\"http:\/\/www.qart.pt\/wp-content\/uploads\/2024\/10\/pmx.png\" alt=\"\" class=\"wp-image-205 size-full\" srcset=\"https:\/\/www.qart.pt\/wp-content\/uploads\/2024\/10\/pmx.png 515w, https:\/\/www.qart.pt\/wp-content\/uploads\/2024\/10\/pmx-274x300.png 274w\" sizes=\"(max-width: 515px) 100vw, 515px\" \/><\/figure><div class=\"wp-block-media-text__content\">\n<p class=\"has-tertiary-color has-text-color has-link-color has-small-font-size wp-elements-d1e6bf6d9ed666d6c03185e366650063\"><strong>O QART PMX \u00e9 um instrumento miniaturizado de Qualidade do Ar, para interior e para exterior.<\/strong><\/p>\n\n\n\n<p class=\"has-tertiary-color has-text-color has-link-color wp-elements-08d8b1ca468edc5a55dc0577ab8edce0\">Par\u00e2metros medidos:<\/p>\n\n\n\n<ul class=\"wp-block-list has-tertiary-color has-text-color has-link-color wp-elements-f077661d5c548621fda6ccf10f027a14\">\n<li>Part\u00edculas PM0.5<\/li>\n\n\n\n<li>Part\u00edculas PM0.7<\/li>\n\n\n\n<li>Part\u00edculas PM1<\/li>\n\n\n\n<li>Part\u00edculas PM2.5<\/li>\n\n\n\n<li>Part\u00edculas PM10<\/li>\n\n\n\n<li>Temperatura<\/li>\n\n\n\n<li>Humidade<\/li>\n\n\n\n<li>CO2<\/li>\n\n\n\n<li>VOC<\/li>\n<\/ul>\n<\/div><\/div>\n\n\n\n<p class=\"has-tertiary-color has-text-color has-link-color wp-elements-0a3b67351a0e02b2297f02e3fc564d8b\">Dimens\u00f5es:  85 mm x 85 mm x 85mm<\/p>\n\n\n\n<p class=\"has-tertiary-color has-text-color has-link-color wp-elements-4a6eaeb964e66778780a8ba11a1d1d36\"><strong>Comunica\u00e7\u00f5es<\/strong>:<\/p>\n\n\n\n<p class=\"has-tertiary-color has-text-color has-link-color wp-elements-1702e1bca763a53b198b26fa9e1aa940\">GSM<\/p>\n\n\n\n<p class=\"has-tertiary-color has-text-color has-link-color wp-elements-2c44115437b2eab0b823304e8af75b7b\">Opcional: LoraWAN, Ethernet, WIFI, RS485<\/p>\n\n\n\n<div class=\"wp-block-group is-nowrap is-layout-flex wp-container-core-group-is-layout-1 wp-block-group-is-layout-flex\"><\/div>\n\n\n\n<p class=\"has-tertiary-color has-text-color has-link-color wp-elements-2f32d19874ce6c0fc7602919ee5260cc\"><strong>Consumo energ\u00e9tico<\/strong>:  0.2 Watts <\/p>\n\n\n\n<p class=\"has-tertiary-color has-text-color has-link-color wp-elements-5cc24eb3e3b073fddb406a6bb1a540ae\"><strong>Alimenta\u00e7\u00e3o<\/strong>:   8V &#8211; 24V (Painel Solar ou Adaptador 230VAC)<\/p>\n\n\n\n<p><\/p>\n","protected":false},"excerpt":{"rendered":"<p>QART PMX Dimens\u00f5es: 85 mm x 85 mm x 85mm Comunica\u00e7\u00f5es: GSM Opcional: LoraWAN, Ethernet, WIFI, RS485 Consumo energ\u00e9tico: 0.2 Watts Alimenta\u00e7\u00e3o: 8V &#8211; 24V (Painel Solar ou Adaptador 230VAC)<\/p>\n","protected":false},"author":1,"featured_media":0,"parent":0,"menu_order":0,"comment_status":"closed","ping_status":"closed","template":"","meta":{"footnotes":""},"class_list":["post-204","page","type-page","status-publish","hentry"],"_links":{"self":[{"href":"https:\/\/www.qart.pt\/index.php?rest_route=\/wp\/v2\/pages\/204"}],"collection":[{"href":"https:\/\/www.qart.pt\/index.php?rest_route=\/wp\/v2\/pages"}],"about":[{"href":"https:\/\/www.qart.pt\/index.php?rest_route=\/wp\/v2\/types\/page"}],"author":[{"embeddable":true,"href":"https:\/\/www.qart.pt\/index.php?rest_route=\/wp\/v2\/users\/1"}],"replies":[{"embeddable":true,"href":"https:\/\/www.qart.pt\/index.php?rest_route=%2Fwp%2Fv2%2Fcomments&post=204"}],"version-history":[{"count":4,"href":"https:\/\/www.qart.pt\/index.php?rest_route=\/wp\/v2\/pages\/204\/revisions"}],"predecessor-version":[{"id":211,"href":"https:\/\/www.qart.pt\/index.php?rest_route=\/wp\/v2\/pages\/204\/revisions\/211"}],"wp:attachment":[{"href":"https:\/\/www.qart.pt\/index.php?rest_route=%2Fwp%2Fv2%2Fmedia&parent=204"}],"curies":[{"name":"wp","href":"https:\/\/api.w.org\/{rel}","templated":true}]}}