{"id":48,"date":"2024-09-27T10:43:47","date_gmt":"2024-09-27T10:43:47","guid":{"rendered":"http:\/\/192.168.5.110\/?page_id=48"},"modified":"2026-03-07T14:54:40","modified_gmt":"2026-03-07T14:54:40","slug":"home","status":"publish","type":"page","link":"https:\/\/www.qart.pt\/","title":{"rendered":""},"content":{"rendered":"\n<div class=\"wp-block-group alignfull is-layout-flow wp-container-core-group-is-layout-1 wp-block-group-is-layout-flow\" id=\"cover\" style=\"margin-top:0px;margin-bottom:0px\"><\/div>\n\n\n\n<figure class=\"wp-block-video\"><video autoplay muted src=\"http:\/\/www.qart.pt\/wp-content\/uploads\/2026\/03\/qart.mp4\"><\/video><\/figure>\n\n\n\n<div class=\"wp-block-group has-global-padding is-layout-constrained wp-block-group-is-layout-constrained\">\n<div class=\"wp-block-group has-white-color has-secondary-background-color has-text-color has-background is-layout-flow wp-block-group-is-layout-flow\" style=\"border-radius:20px;padding-top:50px;padding-right:50px;padding-bottom:50px;padding-left:50px\">\n<h3 class=\"wp-block-heading has-text-align-center has-white-color has-text-color has-max-36-font-size\">Somos a maior rede de monitoriza\u00e7\u00e3o em Portugal<\/h3>\n\n\n\n<p><\/p>\n\n\n\n<div class=\"wp-block-columns is-layout-flex wp-container-core-columns-is-layout-1 wp-block-columns-is-layout-flex\">\n<div class=\"wp-block-column is-layout-flow wp-block-column-is-layout-flow\">\n<p class=\"has-text-align-center has-max-48-font-size\">250+<\/p>\n\n\n\n<p class=\"has-text-align-center\">Esta\u00e7\u00f5es de Monitoriza\u00e7\u00e3o<\/p>\n<\/div>\n\n\n\n<div class=\"wp-block-column is-layout-flow wp-block-column-is-layout-flow\">\n<p class=\"has-text-align-center has-max-48-font-size\">desde 2017<\/p>\n\n\n\n<p class=\"has-text-align-center\">dados ao minuto, 24h por dia<\/p>\n<\/div>\n\n\n\n<div class=\"wp-block-column is-layout-flow wp-block-column-is-layout-flow\">\n<p class=\"has-text-align-center has-max-48-font-size\">152M<\/p>\n\n\n\n<p class=\"has-text-align-center\">milh\u00f5es de dados recolhidos<\/p>\n<\/div>\n<\/div>\n<\/div>\n<\/div>\n\n\n\n<div style=\"height:185px\" aria-hidden=\"true\" class=\"wp-block-spacer\"><\/div>\n\n\n\n<figure class=\"wp-block-image size-full is-resized\"><a href=\"http:\/\/www.qart.pt\/wp-content\/uploads\/2025\/04\/CARTAZ-10042025.pdf\" target=\"_blank\" rel=\"noopener\"><img loading=\"lazy\" decoding=\"async\" width=\"659\" height=\"70\" src=\"http:\/\/www.qart.pt\/wp-content\/uploads\/2025\/04\/PRR_QART_2.jpg\" alt=\"\" class=\"wp-image-213\" style=\"width:659px;height:auto\" srcset=\"https:\/\/www.qart.pt\/wp-content\/uploads\/2025\/04\/PRR_QART_2.jpg 659w, https:\/\/www.qart.pt\/wp-content\/uploads\/2025\/04\/PRR_QART_2-300x32.jpg 300w\" sizes=\"(max-width: 659px) 100vw, 659px\" \/><\/a><\/figure>\n\n\n\n<p><a href=\"https:\/\/recuperarportugal.gov.pt\/\\\">https:\/\/recuperarportugal.gov.pt\/<\/a><\/p>\n\n\n\n<p><\/p>\n","protected":false},"excerpt":{"rendered":"<p>Somos a maior rede de monitoriza\u00e7\u00e3o em Portugal 250+ Esta\u00e7\u00f5es de Monitoriza\u00e7\u00e3o desde 2017 dados ao minuto, 24h por dia 152M milh\u00f5es de dados recolhidos https:\/\/recuperarportugal.gov.pt\/<\/p>\n","protected":false},"author":1,"featured_media":0,"parent":0,"menu_order":0,"comment_status":"closed","ping_status":"closed","template":"","meta":{"footnotes":""},"class_list":["post-48","page","type-page","status-publish","hentry"],"_links":{"self":[{"href":"https:\/\/www.qart.pt\/index.php?rest_route=\/wp\/v2\/pages\/48"}],"collection":[{"href":"https:\/\/www.qart.pt\/index.php?rest_route=\/wp\/v2\/pages"}],"about":[{"href":"https:\/\/www.qart.pt\/index.php?rest_route=\/wp\/v2\/types\/page"}],"author":[{"embeddable":true,"href":"https:\/\/www.qart.pt\/index.php?rest_route=\/wp\/v2\/users\/1"}],"replies":[{"embeddable":true,"href":"https:\/\/www.qart.pt\/index.php?rest_route=%2Fwp%2Fv2%2Fcomments&post=48"}],"version-history":[{"count":43,"href":"https:\/\/www.qart.pt\/index.php?rest_route=\/wp\/v2\/pages\/48\/revisions"}],"predecessor-version":[{"id":229,"href":"https:\/\/www.qart.pt\/index.php?rest_route=\/wp\/v2\/pages\/48\/revisions\/229"}],"wp:attachment":[{"href":"https:\/\/www.qart.pt\/index.php?rest_route=%2Fwp%2Fv2%2Fmedia&parent=48"}],"curies":[{"name":"wp","href":"https:\/\/api.w.org\/{rel}","templated":true}]}}