{"id":81,"date":"2024-09-27T11:14:14","date_gmt":"2024-09-27T11:14:14","guid":{"rendered":"http:\/\/192.168.5.110\/?page_id=81"},"modified":"2024-09-28T12:39:38","modified_gmt":"2024-09-28T12:39:38","slug":"qart-box","status":"publish","type":"page","link":"https:\/\/www.qart.pt\/?page_id=81","title":{"rendered":""},"content":{"rendered":"\n<div class=\"wp-block-group is-style-default has-light-background-background-color has-background has-global-padding is-layout-constrained wp-container-core-group-is-layout-2 wp-block-group-is-layout-constrained\" style=\"padding-top:60px;padding-bottom:60px;padding-left:0\">\n<div class=\"wp-block-group has-global-padding is-layout-constrained wp-block-group-is-layout-constrained\">\n<div class=\"wp-block-columns is-layout-flex wp-container-core-columns-is-layout-1 wp-block-columns-is-layout-flex\" style=\"padding-top:0;padding-right:0;padding-bottom:0;padding-left:0\">\n<div class=\"wp-block-column is-vertically-aligned-top is-layout-flow wp-block-column-is-layout-flow\" style=\"flex-basis:50%\">\n<figure class=\"wp-block-image alignright size-full is-resized\"><img loading=\"lazy\" decoding=\"async\" width=\"477\" height=\"833\" src=\"https:\/\/www.qart.pt\/wp-content\/uploads\/2024\/09\/qartbox-2.png\" alt=\"\" class=\"wp-image-174\" style=\"width:258px;height:auto\" srcset=\"https:\/\/www.qart.pt\/wp-content\/uploads\/2024\/09\/qartbox-2.png 477w, https:\/\/www.qart.pt\/wp-content\/uploads\/2024\/09\/qartbox-2-172x300.png 172w\" sizes=\"(max-width: 477px) 100vw, 477px\" \/><\/figure>\n<\/div>\n\n\n\n<div class=\"wp-block-column is-vertically-aligned-center is-layout-flow wp-block-column-is-layout-flow\" style=\"padding-left:var(--wp--preset--spacing--80);flex-basis:50%\">\n<p class=\"has-tertiary-color has-text-color\"><strong>HARDWARE<\/strong><\/p>\n\n\n\n<h2 class=\"wp-block-heading has-text-color has-link-color has-x-large-font-size wp-elements-aef3d12a293ebb87e698d3859a26ad98\" style=\"color:#558280\">QART BOX<\/h2>\n\n\n\n<p>\u00c9 um instrumento miniaturizado de monitoriza\u00e7\u00e3o da qualidade do ar e do ru\u00eddo, atrav\u00e9s de um sistema computorizado dedicado e desenhado para o efeito.<\/p>\n\n\n\n<p>A placa interna da QART BOX faz um auto diagn\u00f3stico de forma cont\u00ednua para garantir a precis\u00e3o dos sensores e dados recolhidos bem como a sua confiabilidade.<\/p>\n<\/div>\n<\/div>\n<\/div>\n<\/div>\n\n\n\n<div class=\"wp-block-group has-global-padding is-layout-constrained wp-block-group-is-layout-constrained\">\n<div class=\"wp-block-group is-layout-flow wp-block-group-is-layout-flow\">\n<div style=\"height:22px\" aria-hidden=\"true\" class=\"wp-block-spacer\"><\/div>\n\n\n\n<h3 class=\"wp-block-heading has-text-align-center has-tertiary-color has-text-color has-link-color has-large-font-size wp-elements-584f1c398bf03964dd9b73bf237d9052\">Tecnologia<\/h3>\n\n\n\n<div style=\"height:48px\" aria-hidden=\"true\" class=\"wp-block-spacer\"><\/div>\n\n\n\n<div class=\"wp-block-columns is-layout-flex wp-container-core-columns-is-layout-2 wp-block-columns-is-layout-flex\">\n<div class=\"wp-block-column is-style-default is-layout-flow wp-block-column-is-layout-flow\" style=\"border-style:none;border-width:0px;padding-top:0;padding-right:0;padding-bottom:0;padding-left:0\">\n<h2 class=\"wp-block-heading has-tertiary-color has-text-color has-link-color wp-elements-24036af89b18ddee2bce186eaa1cf1b5\">QART OS<\/h2>\n\n\n\n<p class=\"has-x-small-font-size\" style=\"font-style:normal;font-weight:500\">As esta\u00e7\u00f5es QART incorporam software totalmente desenvolvido em Portugal e desenhado para a monitoriza\u00e7\u00e3o ambiental. A QART BOX corre um sistema operativo pr\u00f3prio chamado QART OS. <\/p>\n\n\n\n<p class=\"has-x-small-font-size\" style=\"font-style:normal;font-weight:500\">Este software analisa cada sensor de forma independente de acordo com as caracter\u00edsticas el\u00e9tricas a analisar. A frequ\u00eancia de amostragem \u00e9 ajustada para cada componente instalado.<\/p>\n<\/div>\n\n\n\n<div class=\"wp-block-column is-style-default is-layout-flow wp-block-column-is-layout-flow\" style=\"border-style:none;border-width:0px;padding-top:0;padding-right:0;padding-bottom:0;padding-left:0\">\n<h2 class=\"wp-block-heading has-tertiary-color has-text-color has-link-color wp-elements-8624003e5afd5af0a251fe70e00d93ac\">Energia Solar<\/h2>\n\n\n\n<p class=\"has-x-small-font-size\" style=\"font-style:normal;font-weight:500\">As esta\u00e7\u00f5es QART consomem menos de 1 Watt e s\u00e3o alimentadas a energia solar. O consumo el\u00e9trico \u00e9 ajustado automaticamente conforme a energia dispon\u00edvel garantindo uma gest\u00e3o de energia eficiente.<\/p>\n\n\n\n<p><\/p>\n<\/div>\n\n\n\n<div class=\"wp-block-column is-style-default is-layout-flow wp-block-column-is-layout-flow\" style=\"border-style:none;border-width:0px;padding-top:0;padding-right:0;padding-bottom:0;padding-left:0\">\n<h2 class=\"wp-block-heading has-tertiary-color has-text-color has-link-color wp-elements-1a1da6c1c394ab8a12c0a716f8d93ea7\">Comunica\u00e7\u00f5es<\/h2>\n\n\n\n<p class=\"has-x-small-font-size\" style=\"font-style:normal;font-weight:500\">As comunica\u00e7\u00f5es s\u00e3o asseguradas por um modem GSM e funcionam com todas as redes celulares dispon\u00edveis no local o operador \u00e9 escolhido de forma autom\u00e1tica conforme a qualidade do sinal.<\/p>\n\n\n\n<p class=\"has-x-small-font-size\" style=\"font-style:normal;font-weight:500\">Em alternativa as comunica\u00e7\u00f5es podem ser feitas por Ethernet, LoRA, LoRaWan, ZigBee, SigFox, RS-485 ou WIFI.<\/p>\n<\/div>\n<\/div>\n<\/div>\n<\/div>\n\n\n\n<div id=\"team\" class=\"wp-block-group has-global-padding is-layout-constrained wp-block-group-is-layout-constrained\"><\/div>\n\n\n\n<div style=\"height:50px\" aria-hidden=\"true\" class=\"wp-block-spacer\"><\/div>\n\n\n\n<p><\/p>\n","protected":false},"excerpt":{"rendered":"<p>HARDWARE QART BOX \u00c9 um instrumento miniaturizado de monitoriza\u00e7\u00e3o da qualidade do ar e do ru\u00eddo, atrav\u00e9s de um sistema computorizado dedicado e desenhado para o efeito. A placa interna da QART BOX faz um auto diagn\u00f3stico de forma cont\u00ednua para garantir a precis\u00e3o dos sensores e dados recolhidos bem como a sua confiabilidade. Tecnologia &hellip; <\/p>\n<p class=\"link-more\"><a href=\"https:\/\/www.qart.pt\/?page_id=81\" class=\"more-link\">Read more<span class=\"screen-reader-text\"> &#8220;&#8221;<\/span><\/a><\/p>\n","protected":false},"author":1,"featured_media":0,"parent":0,"menu_order":0,"comment_status":"closed","ping_status":"closed","template":"","meta":{"footnotes":""},"class_list":["post-81","page","type-page","status-publish","hentry"],"_links":{"self":[{"href":"https:\/\/www.qart.pt\/index.php?rest_route=\/wp\/v2\/pages\/81"}],"collection":[{"href":"https:\/\/www.qart.pt\/index.php?rest_route=\/wp\/v2\/pages"}],"about":[{"href":"https:\/\/www.qart.pt\/index.php?rest_route=\/wp\/v2\/types\/page"}],"author":[{"embeddable":true,"href":"https:\/\/www.qart.pt\/index.php?rest_route=\/wp\/v2\/users\/1"}],"replies":[{"embeddable":true,"href":"https:\/\/www.qart.pt\/index.php?rest_route=%2Fwp%2Fv2%2Fcomments&post=81"}],"version-history":[{"count":8,"href":"https:\/\/www.qart.pt\/index.php?rest_route=\/wp\/v2\/pages\/81\/revisions"}],"predecessor-version":[{"id":181,"href":"https:\/\/www.qart.pt\/index.php?rest_route=\/wp\/v2\/pages\/81\/revisions\/181"}],"wp:attachment":[{"href":"https:\/\/www.qart.pt\/index.php?rest_route=%2Fwp%2Fv2%2Fmedia&parent=81"}],"curies":[{"name":"wp","href":"https:\/\/api.w.org\/{rel}","templated":true}]}}